{"id":1421,"date":"2021-09-28T00:40:40","date_gmt":"2021-09-27T22:40:40","guid":{"rendered":"http:\/\/valencia-city.org\/wp\/?page_id=1421"},"modified":"2023-01-17T23:18:47","modified_gmt":"2023-01-17T22:18:47","slug":"khadija","status":"publish","type":"page","link":"https:\/\/www.jinendonia.com\/?page_id=1421","title":{"rendered":"Barcelone"},"content":{"rendered":"\t\t<div data-elementor-type=\"wp-page\" data-elementor-id=\"1421\" class=\"elementor elementor-1421\" data-elementor-settings=\"[]\">\n\t\t\t\t\t\t\t<div class=\"elementor-section-wrap\">\n\t\t\t\t\t\t\t<section class=\"elementor-section elementor-top-section elementor-element elementor-element-a914e55 elementor-section-stretched elementor-section-full_width elementor-section-height-default elementor-section-height-default\" data-id=\"a914e55\" data-element_type=\"section\" data-settings=\"{&quot;stretch_section&quot;:&quot;section-stretched&quot;}\">\n\t\t\t\t\t\t<div class=\"elementor-container elementor-column-gap-extended\">\n\t\t\t\t\t<div class=\"elementor-column elementor-col-100 elementor-top-column elementor-element elementor-element-c1bd11c\" data-id=\"c1bd11c\" data-element_type=\"column\">\n\t\t\t<div class=\"elementor-widget-wrap elementor-element-populated\">\n\t\t\t\t\t\t\t\t<div class=\"elementor-element elementor-element-33971f8 elementor-widget elementor-widget-wp-widget-rev-slider-widget\" data-id=\"33971f8\" data-element_type=\"widget\" data-widget_type=\"wp-widget-rev-slider-widget.default\">\n\t\t\t\t<div class=\"elementor-widget-container\">\n\t\t\t\n\t\t\t<!-- START khadija REVOLUTION SLIDER 6.2.22 --><p class=\"rs-p-wp-fix\"><\/p>\n\t\t\t<rs-module-wrap id=\"rev_slider_7_1_wrapper\" data-source=\"gallery\" style=\"background:transparent;padding:0;margin:0px auto;margin-top:0;margin-bottom:0;\">\n\t\t\t\t<rs-module id=\"rev_slider_7_1\" style=\"\" data-version=\"6.2.22\">\n\t\t\t\t\t<rs-slides>\n\t\t\t\t\t\t<rs-slide data-key=\"rs-16\" data-title=\"Slide\" data-anim=\"ei:d;eo:d;s:1000;r:0;t:fade;sl:0;\">\n\t\t\t\t\t\t\t<img loading=\"lazy\" src=\"\/\/www.jinendonia.com\/wp-content\/uploads\/2023\/01\/slider-4.jpg\" title=\"slider\" width=\"1348\" height=\"250\" class=\"rev-slidebg\" data-no-retina>\n<!---->\t\t\t\t\t\t<\/rs-slide>\n\t\t\t\t\t<\/rs-slides>\n\t\t\t\t<\/rs-module>\n\t\t\t\t<script type=\"text\/javascript\">\n\t\t\t\t\tsetREVStartSize({c: 'rev_slider_7_1',rl:[1240,1024,778,480],el:[250],gw:[1348],gh:[250],type:'standard',justify:'',layout:'fullwidth',mh:\"0\"});\n\t\t\t\t\tvar\trevapi7,\n\t\t\t\t\t\ttpj;\n\t\t\t\t\tfunction revinit_revslider71() {\n\t\t\t\t\tjQuery(function() {\n\t\t\t\t\t\ttpj = jQuery;\n\t\t\t\t\t\trevapi7 = tpj(\"#rev_slider_7_1\");\n\t\t\t\t\t\tif(revapi7==undefined || revapi7.revolution == undefined){\n\t\t\t\t\t\t\trevslider_showDoubleJqueryError(\"rev_slider_7_1\");\n\t\t\t\t\t\t}else{\n\t\t\t\t\t\t\trevapi7.revolution({\n\t\t\t\t\t\t\t\tsliderLayout:\"fullwidth\",\n\t\t\t\t\t\t\t\tvisibilityLevels:\"1240,1024,778,480\",\n\t\t\t\t\t\t\t\tgridwidth:1348,\n\t\t\t\t\t\t\t\tgridheight:250,\n\t\t\t\t\t\t\t\tspinner:\"spinner0\",\n\t\t\t\t\t\t\t\tperspective:600,\n\t\t\t\t\t\t\t\tperspectiveType:\"global\",\n\t\t\t\t\t\t\t\teditorheight:\"250,768,960,720\",\n\t\t\t\t\t\t\t\tresponsiveLevels:\"1240,1024,778,480\",\n\t\t\t\t\t\t\t\tprogressBar:{disableProgressBar:true},\n\t\t\t\t\t\t\t\tnavigation: {\n\t\t\t\t\t\t\t\t\tonHoverStop:false\n\t\t\t\t\t\t\t\t},\n\t\t\t\t\t\t\t\tfallbacks: {\n\t\t\t\t\t\t\t\t\tallowHTML5AutoPlayOnAndroid:true\n\t\t\t\t\t\t\t\t},\n\t\t\t\t\t\t\t});\n\t\t\t\t\t\t}\n\t\t\t\t\t\t\n\t\t\t\t\t});\n\t\t\t\t\t} \/\/ End of RevInitScript\n\t\t\t\tvar once_revslider71 = false;\n\t\t\t\tif (document.readyState === \"loading\") {document.addEventListener('readystatechange',function() { if((document.readyState === \"interactive\" || document.readyState === \"complete\") && !once_revslider71 ) { once_revslider71 = true; revinit_revslider71();}});} else {once_revslider71 = true; revinit_revslider71();}\n\t\t\t\t<\/script>\n\t\t\t<\/rs-module-wrap>\n\t\t\t<!-- END REVOLUTION SLIDER -->\n\t\t<\/div>\n\t\t\t\t<\/div>\n\t\t\t\t\t<\/div>\n\t\t<\/div>\n\t\t\t\t\t\t\t<\/div>\n\t\t<\/section>\n\t\t\t\t<section class=\"elementor-section elementor-top-section elementor-element elementor-element-54376e9 elementor-section-boxed elementor-section-height-default elementor-section-height-default\" data-id=\"54376e9\" data-element_type=\"section\" data-settings=\"{&quot;background_background&quot;:&quot;classic&quot;}\">\n\t\t\t\t\t\t<div class=\"elementor-container elementor-column-gap-extended\">\n\t\t\t\t\t<div class=\"elementor-column elementor-col-50 elementor-top-column elementor-element elementor-element-44d92ac\" data-id=\"44d92ac\" data-element_type=\"column\" data-settings=\"{&quot;background_background&quot;:&quot;classic&quot;}\">\n\t\t\t<div class=\"elementor-widget-wrap elementor-element-populated\">\n\t\t\t\t\t\t\t\t<div class=\"elementor-element elementor-element-b6baefa elementor-widget elementor-widget-apus_element_heading\" data-id=\"b6baefa\" data-element_type=\"widget\" data-widget_type=\"apus_element_heading.default\">\n\t\t\t\t<div class=\"elementor-widget-container\">\n\t\t\t<div class=\"apus-heading\"><div class=\"sub\"><div class=\"sub-title-inside\">Bienvenue chez Barcelone<\/div><\/div><h2 class=\"heading-title\">Des appartements \nde tr\u00e8s haut standing !<\/h2><\/div>\t\t<\/div>\n\t\t\t\t<\/div>\n\t\t\t\t<div class=\"elementor-element elementor-element-1340930 elementor-widget elementor-widget-text-editor\" data-id=\"1340930\" data-element_type=\"widget\" data-widget_type=\"text-editor.default\">\n\t\t\t\t<div class=\"elementor-widget-container\">\n\t\t\t\t\t\t\tBarcelone allie le luxe, la cr\u00e9ativit\u00e9 et l\u2019\u00e9l\u00e9gance. \nUne r\u00e9sidence de tr\u00e8s Haut standing avec des finitions soign\u00e9es.\nSitu\u00e9e dans un environnement calme et r\u00e9sidentiel \u00e0 Chotrana I- la Soukra,\nCette r\u00e9sidence se caract\u00e9rise par une architecture moderne et chic et elle est \u00e9quip\u00e9e de toutes les commodit\u00e9s : chauffage central, climatisation, cam\u00e9ras de surveillance \u2026\n\t\t\t\t\t\t<\/div>\n\t\t\t\t<\/div>\n\t\t\t\t\t<\/div>\n\t\t<\/div>\n\t\t\t\t<div class=\"elementor-column elementor-col-50 elementor-top-column elementor-element elementor-element-7095a42\" data-id=\"7095a42\" data-element_type=\"column\">\n\t\t\t<div class=\"elementor-widget-wrap elementor-element-populated\">\n\t\t\t\t\t\t\t\t<section class=\"elementor-section elementor-inner-section elementor-element elementor-element-29699c4 elementor-section-boxed elementor-section-height-default elementor-section-height-default\" data-id=\"29699c4\" data-element_type=\"section\" data-settings=\"{&quot;background_background&quot;:&quot;classic&quot;}\">\n\t\t\t\t\t\t<div class=\"elementor-container elementor-column-gap-default\">\n\t\t\t\t\t<div class=\"elementor-column elementor-col-100 elementor-inner-column elementor-element elementor-element-e5e29b2\" data-id=\"e5e29b2\" data-element_type=\"column\">\n\t\t\t<div class=\"elementor-widget-wrap elementor-element-populated\">\n\t\t\t\t\t\t\t\t<div class=\"elementor-element elementor-element-7f7517d elementor-aspect-ratio-169 elementor-widget elementor-widget-video\" data-id=\"7f7517d\" data-element_type=\"widget\" data-settings=\"{&quot;youtube_url&quot;:&quot;https:\\\/\\\/www.youtube.com\\\/watch?v=h0irDKPmSAA&quot;,&quot;video_type&quot;:&quot;youtube&quot;,&quot;controls&quot;:&quot;yes&quot;,&quot;aspect_ratio&quot;:&quot;169&quot;}\" data-widget_type=\"video.default\">\n\t\t\t\t<div class=\"elementor-widget-container\">\n\t\t\t\t\t<div class=\"elementor-wrapper elementor-fit-aspect-ratio elementor-open-inline\">\n\t\t\t<div class=\"elementor-video\"><\/div>\t\t<\/div>\n\t\t\t\t<\/div>\n\t\t\t\t<\/div>\n\t\t\t\t\t<\/div>\n\t\t<\/div>\n\t\t\t\t\t\t\t<\/div>\n\t\t<\/section>\n\t\t\t\t\t<\/div>\n\t\t<\/div>\n\t\t\t\t\t\t\t<\/div>\n\t\t<\/section>\n\t\t\t\t<section class=\"elementor-section elementor-top-section elementor-element elementor-element-1167cbe elementor-section-stretched elementor-section-full_width elementor-section-height-default elementor-section-height-default\" data-id=\"1167cbe\" data-element_type=\"section\" data-settings=\"{&quot;stretch_section&quot;:&quot;section-stretched&quot;,&quot;background_background&quot;:&quot;classic&quot;}\">\n\t\t\t\t\t\t<div class=\"elementor-container elementor-column-gap-extended\">\n\t\t\t\t\t<div class=\"elementor-column elementor-col-100 elementor-top-column elementor-element elementor-element-f7ada41\" data-id=\"f7ada41\" data-element_type=\"column\" data-settings=\"{&quot;background_background&quot;:&quot;classic&quot;}\">\n\t\t\t<div class=\"elementor-widget-wrap elementor-element-populated\">\n\t\t\t\t\t\t\t\t<div class=\"elementor-element elementor-element-385e71b elementor-widget elementor-widget-apus_element_heading\" data-id=\"385e71b\" data-element_type=\"widget\" data-widget_type=\"apus_element_heading.default\">\n\t\t\t\t<div class=\"elementor-widget-container\">\n\t\t\t<div class=\"apus-heading\"><div class=\"sub\"><div class=\"sub-title-inside\">R\u00e9sidence Barcelone<\/div><\/div><h2 class=\"heading-title\">Galerie<\/h2><\/div>\t\t<\/div>\n\t\t\t\t<\/div>\n\t\t\t\t<div class=\"elementor-element elementor-element-cde093c elementor-widget elementor-widget-apus_element_heading\" data-id=\"cde093c\" data-element_type=\"widget\" data-widget_type=\"apus_element_heading.default\">\n\t\t\t\t<div class=\"elementor-widget-container\">\n\t\t\t<div class=\"apus-heading\"><h2 class=\"heading-title\">Photos 3D<\/h2><\/div>\t\t<\/div>\n\t\t\t\t<\/div>\n\t\t\t\t<div class=\"elementor-element elementor-element-28bfc4c elementor-arrows-position-inside elementor-pagination-position-outside elementor-widget elementor-widget-image-carousel\" data-id=\"28bfc4c\" data-element_type=\"widget\" data-settings=\"{&quot;slides_to_show&quot;:&quot;2&quot;,&quot;navigation&quot;:&quot;both&quot;,&quot;autoplay&quot;:&quot;yes&quot;,&quot;pause_on_hover&quot;:&quot;yes&quot;,&quot;pause_on_interaction&quot;:&quot;yes&quot;,&quot;autoplay_speed&quot;:5000,&quot;infinite&quot;:&quot;yes&quot;,&quot;speed&quot;:500,&quot;image_spacing_custom&quot;:{&quot;unit&quot;:&quot;px&quot;,&quot;size&quot;:20,&quot;sizes&quot;:[]}}\" data-widget_type=\"image-carousel.default\">\n\t\t\t\t<div class=\"elementor-widget-container\">\n\t\t\t\t\t<div class=\"elementor-image-carousel-wrapper swiper-container\" dir=\"ltr\">\n\t\t\t<div class=\"elementor-image-carousel swiper-wrapper swiper-image-stretch\">\n\t\t\t\t\t\t\t\t<div class=\"swiper-slide\"><a data-elementor-open-lightbox=\"yes\" data-elementor-lightbox-slideshow=\"28bfc4c\" data-elementor-lightbox-title=\"1\" href=\"https:\/\/www.jinendonia.com\/wp-content\/uploads\/2023\/01\/1-1.jpg\"><figure class=\"swiper-slide-inner\"><img class=\"swiper-slide-image\" src=\"https:\/\/www.jinendonia.com\/wp-content\/uploads\/2023\/01\/1-1.jpg\" alt=\"1\" \/><\/figure><\/a><\/div><div class=\"swiper-slide\"><a data-elementor-open-lightbox=\"yes\" data-elementor-lightbox-slideshow=\"28bfc4c\" data-elementor-lightbox-title=\"2\" href=\"https:\/\/www.jinendonia.com\/wp-content\/uploads\/2023\/01\/2-1.jpg\"><figure class=\"swiper-slide-inner\"><img class=\"swiper-slide-image\" src=\"https:\/\/www.jinendonia.com\/wp-content\/uploads\/2023\/01\/2-1.jpg\" alt=\"2\" \/><\/figure><\/a><\/div><div class=\"swiper-slide\"><a data-elementor-open-lightbox=\"yes\" data-elementor-lightbox-slideshow=\"28bfc4c\" data-elementor-lightbox-title=\"3\" href=\"https:\/\/www.jinendonia.com\/wp-content\/uploads\/2023\/01\/3-1.jpg\"><figure class=\"swiper-slide-inner\"><img class=\"swiper-slide-image\" src=\"https:\/\/www.jinendonia.com\/wp-content\/uploads\/2023\/01\/3-1.jpg\" alt=\"3\" \/><\/figure><\/a><\/div><div class=\"swiper-slide\"><a data-elementor-open-lightbox=\"yes\" data-elementor-lightbox-slideshow=\"28bfc4c\" data-elementor-lightbox-title=\"4\" href=\"https:\/\/www.jinendonia.com\/wp-content\/uploads\/2023\/01\/4-1.jpg\"><figure class=\"swiper-slide-inner\"><img class=\"swiper-slide-image\" src=\"https:\/\/www.jinendonia.com\/wp-content\/uploads\/2023\/01\/4-1.jpg\" alt=\"4\" \/><\/figure><\/a><\/div><div class=\"swiper-slide\"><a data-elementor-open-lightbox=\"yes\" data-elementor-lightbox-slideshow=\"28bfc4c\" data-elementor-lightbox-title=\"5\" href=\"https:\/\/www.jinendonia.com\/wp-content\/uploads\/2023\/01\/5-1.jpg\"><figure class=\"swiper-slide-inner\"><img class=\"swiper-slide-image\" src=\"https:\/\/www.jinendonia.com\/wp-content\/uploads\/2023\/01\/5-1.jpg\" alt=\"5\" \/><\/figure><\/a><\/div><div class=\"swiper-slide\"><a data-elementor-open-lightbox=\"yes\" data-elementor-lightbox-slideshow=\"28bfc4c\" data-elementor-lightbox-title=\"6\" href=\"https:\/\/www.jinendonia.com\/wp-content\/uploads\/2023\/01\/6-1.jpg\"><figure class=\"swiper-slide-inner\"><img class=\"swiper-slide-image\" src=\"https:\/\/www.jinendonia.com\/wp-content\/uploads\/2023\/01\/6-1.jpg\" alt=\"6\" \/><\/figure><\/a><\/div><div class=\"swiper-slide\"><a data-elementor-open-lightbox=\"yes\" data-elementor-lightbox-slideshow=\"28bfc4c\" data-elementor-lightbox-title=\"7\" href=\"https:\/\/www.jinendonia.com\/wp-content\/uploads\/2023\/01\/7-1.jpg\"><figure class=\"swiper-slide-inner\"><img class=\"swiper-slide-image\" src=\"https:\/\/www.jinendonia.com\/wp-content\/uploads\/2023\/01\/7-1.jpg\" alt=\"7\" \/><\/figure><\/a><\/div><div class=\"swiper-slide\"><a data-elementor-open-lightbox=\"yes\" data-elementor-lightbox-slideshow=\"28bfc4c\" data-elementor-lightbox-title=\"8\" href=\"https:\/\/www.jinendonia.com\/wp-content\/uploads\/2023\/01\/8-1.jpg\"><figure class=\"swiper-slide-inner\"><img class=\"swiper-slide-image\" src=\"https:\/\/www.jinendonia.com\/wp-content\/uploads\/2023\/01\/8-1.jpg\" alt=\"8\" \/><\/figure><\/a><\/div><div class=\"swiper-slide\"><a data-elementor-open-lightbox=\"yes\" data-elementor-lightbox-slideshow=\"28bfc4c\" data-elementor-lightbox-title=\"9\" href=\"https:\/\/www.jinendonia.com\/wp-content\/uploads\/2023\/01\/9-1.jpg\"><figure class=\"swiper-slide-inner\"><img class=\"swiper-slide-image\" src=\"https:\/\/www.jinendonia.com\/wp-content\/uploads\/2023\/01\/9-1.jpg\" alt=\"9\" \/><\/figure><\/a><\/div><div class=\"swiper-slide\"><a data-elementor-open-lightbox=\"yes\" data-elementor-lightbox-slideshow=\"28bfc4c\" data-elementor-lightbox-title=\"10\" href=\"https:\/\/www.jinendonia.com\/wp-content\/uploads\/2023\/01\/10-1.jpg\"><figure class=\"swiper-slide-inner\"><img class=\"swiper-slide-image\" src=\"https:\/\/www.jinendonia.com\/wp-content\/uploads\/2023\/01\/10-1.jpg\" alt=\"10\" \/><\/figure><\/a><\/div><div class=\"swiper-slide\"><a data-elementor-open-lightbox=\"yes\" data-elementor-lightbox-slideshow=\"28bfc4c\" data-elementor-lightbox-title=\"11\" href=\"https:\/\/www.jinendonia.com\/wp-content\/uploads\/2023\/01\/11.jpg\"><figure class=\"swiper-slide-inner\"><img class=\"swiper-slide-image\" src=\"https:\/\/www.jinendonia.com\/wp-content\/uploads\/2023\/01\/11.jpg\" alt=\"11\" \/><\/figure><\/a><\/div><div class=\"swiper-slide\"><a data-elementor-open-lightbox=\"yes\" data-elementor-lightbox-slideshow=\"28bfc4c\" data-elementor-lightbox-title=\"12\" href=\"https:\/\/www.jinendonia.com\/wp-content\/uploads\/2023\/01\/12.jpg\"><figure class=\"swiper-slide-inner\"><img class=\"swiper-slide-image\" src=\"https:\/\/www.jinendonia.com\/wp-content\/uploads\/2023\/01\/12.jpg\" alt=\"12\" \/><\/figure><\/a><\/div><div class=\"swiper-slide\"><a data-elementor-open-lightbox=\"yes\" data-elementor-lightbox-slideshow=\"28bfc4c\" data-elementor-lightbox-title=\"13\" href=\"https:\/\/www.jinendonia.com\/wp-content\/uploads\/2023\/01\/13.jpg\"><figure class=\"swiper-slide-inner\"><img class=\"swiper-slide-image\" src=\"https:\/\/www.jinendonia.com\/wp-content\/uploads\/2023\/01\/13.jpg\" alt=\"13\" \/><\/figure><\/a><\/div><div class=\"swiper-slide\"><a data-elementor-open-lightbox=\"yes\" data-elementor-lightbox-slideshow=\"28bfc4c\" data-elementor-lightbox-title=\"14\" href=\"https:\/\/www.jinendonia.com\/wp-content\/uploads\/2023\/01\/14.jpg\"><figure class=\"swiper-slide-inner\"><img class=\"swiper-slide-image\" src=\"https:\/\/www.jinendonia.com\/wp-content\/uploads\/2023\/01\/14.jpg\" alt=\"14\" \/><\/figure><\/a><\/div><div class=\"swiper-slide\"><a data-elementor-open-lightbox=\"yes\" data-elementor-lightbox-slideshow=\"28bfc4c\" data-elementor-lightbox-title=\"15\" href=\"https:\/\/www.jinendonia.com\/wp-content\/uploads\/2023\/01\/15.jpg\"><figure class=\"swiper-slide-inner\"><img class=\"swiper-slide-image\" src=\"https:\/\/www.jinendonia.com\/wp-content\/uploads\/2023\/01\/15.jpg\" alt=\"15\" \/><\/figure><\/a><\/div>\t\t\t<\/div>\n\t\t\t\t\t\t\t\t\t\t\t\t<div class=\"swiper-pagination\"><\/div>\n\t\t\t\t\t\t\t\t\t\t\t\t\t<div class=\"elementor-swiper-button elementor-swiper-button-prev\">\n\t\t\t\t\t\t<i class=\"eicon-chevron-left\" aria-hidden=\"true\"><\/i>\n\t\t\t\t\t\t<span class=\"elementor-screen-only\">Pr\u00e9c\u00e9dent<\/span>\n\t\t\t\t\t<\/div>\n\t\t\t\t\t<div class=\"elementor-swiper-button elementor-swiper-button-next\">\n\t\t\t\t\t\t<i class=\"eicon-chevron-right\" aria-hidden=\"true\"><\/i>\n\t\t\t\t\t\t<span class=\"elementor-screen-only\">Suivant<\/span>\n\t\t\t\t\t<\/div>\n\t\t\t\t\t\t\t\t\t<\/div>\n\t\t\t\t<\/div>\n\t\t\t\t<\/div>\n\t\t\t\t\t<\/div>\n\t\t<\/div>\n\t\t\t\t\t\t\t<\/div>\n\t\t<\/section>\n\t\t\t\t<section class=\"elementor-section elementor-top-section elementor-element elementor-element-4c39fa0 elementor-section-stretched elementor-section-boxed elementor-section-height-default elementor-section-height-default\" data-id=\"4c39fa0\" data-element_type=\"section\" data-settings=\"{&quot;stretch_section&quot;:&quot;section-stretched&quot;}\">\n\t\t\t\t\t\t<div class=\"elementor-container elementor-column-gap-extended\">\n\t\t\t\t\t<div class=\"elementor-column elementor-col-50 elementor-top-column elementor-element elementor-element-8dba87f\" data-id=\"8dba87f\" data-element_type=\"column\">\n\t\t\t<div class=\"elementor-widget-wrap elementor-element-populated\">\n\t\t\t\t\t\t\t\t<div class=\"elementor-element elementor-element-009024e elementor-widget elementor-widget-google_maps\" data-id=\"009024e\" data-element_type=\"widget\" data-widget_type=\"google_maps.default\">\n\t\t\t\t<div class=\"elementor-widget-container\">\n\t\t\t\t\t<div class=\"elementor-custom-embed\">\n\t\t\t<iframe frameborder=\"0\" scrolling=\"no\" marginheight=\"0\" marginwidth=\"0\"\n\t\t\t\t\tsrc=\"https:\/\/maps.google.com\/maps?q=36%C2%B052%2759.7%22N%2010%C2%B013%2724.9%22E&#038;t=m&#038;z=10&#038;output=embed&#038;iwloc=near\"\n\t\t\t\t\ttitle=\"36\u00b052&#039;59.7&quot;N 10\u00b013&#039;24.9&quot;E\"\n\t\t\t\t\taria-label=\"36\u00b052&#039;59.7&quot;N 10\u00b013&#039;24.9&quot;E\"\n\t\t\t><\/iframe>\n\t\t<\/div>\n\t\t\t\t<\/div>\n\t\t\t\t<\/div>\n\t\t\t\t\t<\/div>\n\t\t<\/div>\n\t\t\t\t<div class=\"elementor-column elementor-col-50 elementor-top-column elementor-element elementor-element-946a219\" data-id=\"946a219\" data-element_type=\"column\">\n\t\t\t<div class=\"elementor-widget-wrap elementor-element-populated\">\n\t\t\t\t\t\t\t\t<div class=\"elementor-element elementor-element-c17ee62 elementor-widget elementor-widget-spacer\" data-id=\"c17ee62\" data-element_type=\"widget\" data-widget_type=\"spacer.default\">\n\t\t\t\t<div class=\"elementor-widget-container\">\n\t\t\t\t\t<div class=\"elementor-spacer\">\n\t\t\t<div class=\"elementor-spacer-inner\"><\/div>\n\t\t<\/div>\n\t\t\t\t<\/div>\n\t\t\t\t<\/div>\n\t\t\t\t<div class=\"elementor-element elementor-element-48d1dd2 elementor-widget elementor-widget-apus_element_heading\" data-id=\"48d1dd2\" data-element_type=\"widget\" data-widget_type=\"apus_element_heading.default\">\n\t\t\t\t<div class=\"elementor-widget-container\">\n\t\t\t<div class=\"apus-heading\"><h2 class=\"heading-title\">DEMANDEZ VOTRE RENDEZ-VOUS<\/h2><\/div>\t\t<\/div>\n\t\t\t\t<\/div>\n\t\t\t\t<div class=\"elementor-element elementor-element-190dcd8 apus-contact-form-2 elementor-widget elementor-widget-text-editor\" data-id=\"190dcd8\" data-element_type=\"widget\" data-widget_type=\"text-editor.default\">\n\t\t\t\t<div class=\"elementor-widget-container\">\n\t\t\t\t\t\t\t<div role=\"form\" class=\"wpcf7\" id=\"wpcf7-f884-o1\" lang=\"en-US\" dir=\"ltr\">\n<div class=\"screen-reader-response\"><p role=\"status\" aria-live=\"polite\" aria-atomic=\"true\"><\/p> <ul><\/ul><\/div>\n<form action=\"\/index.php?rest_route=%2Fwp%2Fv2%2Fpages%2F1421#wpcf7-f884-o1\" method=\"post\" class=\"wpcf7-form init\" novalidate=\"novalidate\" data-status=\"init\">\n<div style=\"display: none;\">\n<input type=\"hidden\" name=\"_wpcf7\" value=\"884\" \/>\n<input type=\"hidden\" name=\"_wpcf7_version\" value=\"5.4.2\" \/>\n<input type=\"hidden\" name=\"_wpcf7_locale\" value=\"en_US\" \/>\n<input type=\"hidden\" name=\"_wpcf7_unit_tag\" value=\"wpcf7-f884-o1\" \/>\n<input type=\"hidden\" name=\"_wpcf7_container_post\" value=\"0\" \/>\n<input type=\"hidden\" name=\"_wpcf7_posted_data_hash\" value=\"\" \/>\n<\/div>\n<div class=\"row\">\n<div class=\"col-md-6 col-xs-12\"> <span class=\"wpcf7-form-control-wrap your-name\"><input type=\"text\" name=\"your-name\" value=\"\" size=\"40\" class=\"wpcf7-form-control wpcf7-text\" aria-invalid=\"false\" placeholder=\"Nom\" \/><\/span> <\/div>\n<div class=\"col-md-6 col-xs-12\"> <span class=\"wpcf7-form-control-wrap your-email\"><input type=\"email\" name=\"your-email\" value=\"\" size=\"40\" class=\"wpcf7-form-control wpcf7-text wpcf7-email wpcf7-validates-as-email\" aria-invalid=\"false\" placeholder=\"Email\" \/><\/span> <\/div>\n<div class=\"col-md-12 col-xs-12\"> <span class=\"wpcf7-form-control-wrap your-message\"><textarea name=\"your-message\" cols=\"40\" rows=\"10\" class=\"wpcf7-form-control wpcf7-textarea\" aria-invalid=\"false\" placeholder=\"Message\"><\/textarea><\/span> <\/div>\n<div class=\"col-md-12 col-xs-12\"> <input type=\"submit\" value=\"Envoyer\" class=\"wpcf7-form-control wpcf7-submit\" \/> <\/div>\n<\/div>\n<div class=\"wpcf7-response-output\" aria-hidden=\"true\"><\/div><\/form><\/div>\t\t\t\t\t\t<\/div>\n\t\t\t\t<\/div>\n\t\t\t\t\t<\/div>\n\t\t<\/div>\n\t\t\t\t\t\t\t<\/div>\n\t\t<\/section>\n\t\t\t\t\t\t<\/div>\n\t\t\t\t\t<\/div>\n\t\t","protected":false},"excerpt":{"rendered":"<p>Bienvenue chez Barcelone Des appartements de tr\u00e8s haut standing ! Barcelone allie le luxe, la cr\u00e9ativit\u00e9 et l\u2019\u00e9l\u00e9gance. Une r\u00e9sidence de tr\u00e8s Haut standing avec des finitions soign\u00e9es. Situ\u00e9e dans un environnement calme et r\u00e9sidentiel \u00e0 Chotrana I- la Soukra, Cette r\u00e9sidence se caract\u00e9rise par une architecture moderne et chic et elle est \u00e9quip\u00e9e de &hellip; <br \/><a href=\"https:\/\/www.jinendonia.com\/?page_id=1421\" class=\"more-link\">Continue reading <span class=\"screen-reader-text\">Barcelone<\/span><\/a><\/p>\n","protected":false},"author":1,"featured_media":0,"parent":0,"menu_order":0,"comment_status":"closed","ping_status":"closed","template":"","meta":[],"_links":{"self":[{"href":"https:\/\/www.jinendonia.com\/index.php?rest_route=\/wp\/v2\/pages\/1421"}],"collection":[{"href":"https:\/\/www.jinendonia.com\/index.php?rest_route=\/wp\/v2\/pages"}],"about":[{"href":"https:\/\/www.jinendonia.com\/index.php?rest_route=\/wp\/v2\/types\/page"}],"author":[{"embeddable":true,"href":"https:\/\/www.jinendonia.com\/index.php?rest_route=\/wp\/v2\/users\/1"}],"replies":[{"embeddable":true,"href":"https:\/\/www.jinendonia.com\/index.php?rest_route=%2Fwp%2Fv2%2Fcomments&post=1421"}],"version-history":[{"count":38,"href":"https:\/\/www.jinendonia.com\/index.php?rest_route=\/wp\/v2\/pages\/1421\/revisions"}],"predecessor-version":[{"id":1832,"href":"https:\/\/www.jinendonia.com\/index.php?rest_route=\/wp\/v2\/pages\/1421\/revisions\/1832"}],"wp:attachment":[{"href":"https:\/\/www.jinendonia.com\/index.php?rest_route=%2Fwp%2Fv2%2Fmedia&parent=1421"}],"curies":[{"name":"wp","href":"https:\/\/api.w.org\/{rel}","templated":true}]}}